{"id":32520,"date":"2022-08-19T15:02:07","date_gmt":"2022-08-19T08:02:07","guid":{"rendered":"https:\/\/vanhaigroup.com\/?page_id=32520"},"modified":"2022-09-23T11:57:07","modified_gmt":"2022-09-23T04:57:07","slug":"%e5%89%b5%e5%a7%8b%e4%ba%ba%e6%95%85%e4%ba%8b","status":"publish","type":"page","link":"https:\/\/vanhaigroup.com\/zh-hans\/%e5%89%b5%e5%a7%8b%e4%ba%ba%e6%95%85%e4%ba%8b\/","title":{"rendered":"\u5275\u59cb\u4eba\u6545\u4e8b"},"content":{"rendered":"<p>[vc_row full_width=&#8221;stretch_row_content_no_spaces&#8221; css=&#8221;.vc_custom_1563208667223{margin-bottom: 0px !important;}&#8221;][vc_column][gem_divider margin_top=&#8221;-17.6&#8243; margin_bottom=&#8221;115&#8243;][\/vc_column][\/vc_row][vc_row][vc_column][vc_column_text]<\/p>\n<div class=\"title-h1\" style=\"text-align: center;\">c\u00e2u chuy\u1ec7n s\u00e1ng l\u1eadp<\/div>\n<p>[\/vc_column_text][vc_column_text]<\/p>\n<div style=\"text-align: center;\">\n<p>C\u00e2u chuy\u1ec7n c\u1ee7a V\u1ea1n H\u1ea3i b\u1eaft \u0111\u1ea7u b\u1eb1ng m\u1ed9t cu\u1ed9c g\u1eb7p g\u1ee1 gi\u1eefa nh\u1eefng nh\u00e0 s\u00e1ng l\u1eadp c\u1ee7a ch\u00fang t\u00f4i &#8211; nh\u1eefng chuy\u00ean gia ho\u1ea1t \u0111\u1ed9ng g\u1ea7n 20 n\u0103m trong l\u0129nh v\u1ef1c ngo\u1ea1i th\u01b0\u01a1ng &#8211; logistics. M\u1ed9t cu\u1ed9c g\u1eb7p g\u1ee1 c\u1ee7a nh\u1eefng ng\u01b0\u1eddi m\u00e0 c\u1ea3 tu\u1ed5i ngh\u1ec1, tu\u1ed5i \u0111\u1eddi \u0111\u1ec1u kh\u00f4ng c\u00f2n qu\u00e1 tr\u1ebb, v\u1eady m\u00e0 trong \u00e1nh m\u1eaft v\u00e0 gi\u1ecdng n\u00f3i c\u1ee7a h\u1ecd v\u1eabn h\u1eebng h\u1ef1c nh\u1eefng ni\u1ec1m say m\u00ea v\u1edbi c\u00e1i ngh\u1ec1 h\u1ecd \u0111\u00e3 g\u1eafn b\u00f3 bao n\u0103m.<\/p>\n<\/div>\n<p>[\/vc_column_text][gem_fullwidth container=&#8221;1&#8243;][vc_row_inner][vc_column_inner width=&#8221;1\/2&#8243;][vc_column_text]Tuy nhi\u00ean, gi\u1eefa nh\u1eefng chia s\u1ebb \u0111\u1ea7y m\u00e1u l\u1eeda \u1ea5y, \u0111\u00e2u \u0111\u00f3 v\u1eabn c\u00f3 nh\u1eefng c\u00e1i nh\u00edu m\u00e0y, nh\u1eefng c\u00e1i l\u1eafc \u0111\u1ea7u v\u1edbi tr\u00e1i tim \u0111\u1ea7y tr\u0103n tr\u1edf, r\u1eb1ng h\u1ecd, \u0111ang kh\u00f4ng tho\u1ea3i m\u00e1i v\u1edbi c\u00e1ch th\u1ee9c m\u00e0 ng\u00e0nh ngo\u1ea1i th\u01b0\u01a1ng &#8211; logistic n\u00e0y \u0111ang v\u1eadn h\u00e0nh, x\u00e9t v\u1ec1 kh\u00eda c\u1ea1nh x\u00e2y d\u1ef1ng nh\u1eefng gi\u00e1 tr\u1ecb c\u1ed1t l\u00f5i.<\/p>\n<p>Qu\u00e1 nhi\u1ec1u t\u1ed5 ch\u1ee9c ch\u1ec9 t\u1eadp trung v\u00e0o vi\u1ec7c t\u0103ng n\u0103ng su\u1ea5t, t\u0103ng doanh thu, m\u1ee5c ti\u00eau l\u1edbn nh\u1ea5t \u0111\u1ed1i v\u1edbi h\u1ecd l\u00e0 nh\u1eefng th\u01b0\u01a1ng v\u1ee5 h\u00e1i ra ti\u1ec1n, ch\u1ee9 kh\u00f4ng ph\u1ea3i s\u1ef1 c\u1ed1ng hi\u1ebfn hay mang l\u1ea1i gi\u00e1 tr\u1ecb cho kh\u00e1ch h\u00e0ng.<br \/>\nB\u00ean c\u1ea1nh \u0111\u00f3, nh\u1eefng kh\u00e1ch h\u00e0ng l\u00e0 doanh nghi\u1ec7p xu\u1ea5t kh\u1ea9u nh\u01b0ng kh\u00f4ng n\u1eafm r\u00f5 g\u00ec h\u01a1n ngo\u00e0i s\u1ea3n ph\u1ea9m c\u1ee7a ch\u00ednh m\u00ecnh, h\u1ecd th\u1ef1c s\u1ef1 hoang mang khi kh\u00f4ng bi\u1ebft l\u00e0m th\u1ebf n\u00e0o \u0111\u1ec3 \u0111\u01b0a s\u1ea3n ph\u1ea9m c\u1ee7a m\u00ecnh ra to\u00e0n th\u1ebf gi\u1edbi.<\/p>\n<p>Nh\u1eefng nh\u00e0 s\u00e1ng l\u1eadp c\u1ee7a ch\u00fang t\u00f4i nh\u1eadn ra r\u1eb1ng, kh\u00e1ch h\u00e0ng th\u1ef1c s\u1ef1 khao kh\u00e1t nhi\u1ec1u h\u01a1n th\u1ebf, h\u1ecd c\u1ea7n m\u1ed9t ng\u01b0\u1eddi \u201cb\u1ea1n \u0111\u1ed3ng h\u00e0nh\u201d c\u00f3 th\u1ec3 xem x\u00e9t, t\u01b0 v\u1ea5n v\u00e0 cung c\u1ea5p gi\u1ea3i ph\u00e1p t\u1ed1i \u01b0u, gi\u00fap h\u1ecd nh\u1eb9 b\u1edbt nh\u1eefng g\u00e1nh n\u1eb7ng, v\u00e0 t\u1eadp trung chuy\u00ean m\u00f4n cho l\u0129nh v\u1ef1c c\u1ee7a m\u00ecnh.[\/vc_column_text][\/vc_column_inner][vc_column_inner width=&#8221;1\/2&#8243; css=&#8221;.vc_custom_1563682217644{background-image: url(https:\/\/vanhaigroup.com\/wp-content\/uploads\/2019\/07\/Cargoship-Science-886357052-1.jpg?id=30527) !important;background-position: center !important;background-repeat: no-repeat !important;background-size: cover !important;}&#8221;][gem_divider margin_top=&#8221;60&#8243;][gem_divider margin_top=&#8221;60&#8243;][gem_divider margin_top=&#8221;60&#8243;][gem_divider margin_top=&#8221;60&#8243;][gem_divider margin_top=&#8221;60&#8243;][gem_divider margin_top=&#8221;60&#8243;][\/vc_column_inner][\/vc_row_inner][\/gem_fullwidth][\/vc_column][\/vc_row][vc_row css=&#8221;.vc_custom_1563210271748{margin-bottom: 0px !important;}&#8221;][vc_column][gem_fullwidth container=&#8221;1&#8243;][vc_row_inner][vc_column_inner width=&#8221;1\/2&#8243; css=&#8221;.vc_custom_1563682250881{background-image: url(https:\/\/vanhaigroup.com\/wp-content\/uploads\/2019\/07\/Hero-banner-Home-Sea-Freight.jpg?id=30864) !important;background-position: center !important;background-repeat: no-repeat !important;background-size: cover !important;}&#8221;][gem_divider margin_top=&#8221;60&#8243;][gem_divider margin_top=&#8221;60&#8243;][gem_divider margin_top=&#8221;60&#8243;][gem_divider margin_top=&#8221;60&#8243;][gem_divider margin_top=&#8221;80&#8243;][\/vc_column_inner][vc_column_inner width=&#8221;1\/2&#8243;][gem_divider][gem_divider][vc_column_text]V\u00e0 c\u00e2u h\u1ecfi \u0111\u01b0\u1ee3c \u0111\u1eb7t ra l\u00e0, ch\u00fang t\u00f4i c\u00f3 th\u1ec3 l\u00e0m g\u00ec \u0111\u1ec3 thay \u0111\u1ed5i th\u1ef1c tr\u1ea1ng n\u00e0y, l\u00e0m th\u1ebf n\u00e0o \u0111\u1ec3 t\u1ea1o n\u00ean nh\u1eefng k\u1ebft qu\u1ea3 t\u00edch c\u1ef1c, l\u00e0m th\u1ebf n\u00e0o \u0111\u1ec3 nh\u1eefng nhu c\u1ea7u ng\u00e0y c\u00e0ng l\u1edbn c\u1ee7a kh\u00e1ch h\u00e0ng \u0111\u01b0\u1ee3c tho\u1ea3 m\u00e3n, l\u00e0m th\u1ebf n\u00e0o \u0111\u1ec3 nh\u1eefng doanh nghi\u1ec7p logistics c\u1ee7a Vi\u1ec7t Nam c\u00f3 th\u1ec3 v\u01b0\u01a1n xa h\u01a1n, c\u00f3 th\u1ec3 c\u1ea1nh tranh s\u00f2ng ph\u1eb3ng v\u1edbi c\u00e1c doanh nghi\u1ec7p n\u01b0\u1edbc ngo\u00e0i?<\/p>\n<p>C\u1ee9 nh\u01b0 th\u1ebf, nh\u1eefng t\u01b0 t\u01b0\u1edfng l\u1edbn \u0111\u00e3 g\u1eb7p nhau, v\u00e0 \u00fd t\u01b0\u1edfng v\u1ec1 m\u1ed9t doanh nghi\u1ec7p \u201cc\u00e1ch m\u1ea1ng\u201d \u0111\u01b0\u1ee3c ra \u0111\u1eddi. Doanh nghi\u1ec7p \u0111\u00f3 ph\u1ea3i l\u00e0 m\u1ed9t n\u01a1i m\u00e0 ch\u00fang t\u00f4i c\u00f3 th\u1ec3 gi\u00fap \u0111\u1ee1 v\u00e0 cho \u0111i nhi\u1ec1u h\u01a1n nh\u1eefng ki\u1ebfn th\u1ee9c v\u00e0 kinh nghi\u1ec7m \u0111\u00e3 \u0111\u00fac k\u1ebft \u0111\u01b0\u1ee3c t\u1eeb m\u1ed9t qu\u00e1 tr\u00ecnh r\u1ea5t l\u00e2u d\u00e0i v\u00e0 qu\u00fd gi\u00e1. M\u1ed9t n\u01a1i m\u00e0 kh\u00e1ch h\u00e0ng c\u00f3 th\u1ec3 \u0111\u1eb7t tr\u1ecdn ni\u1ec1m tin v\u00e0o doanh nghi\u1ec7p, m\u1ed9t n\u01a1i m\u00e0 vi\u1ec7c trao \u0111i gi\u00e1 tr\u1ecb l\u00e0 kim ch\u1ec9 nam cho m\u1ecdi h\u00e0nh \u0111\u1ed9ng, m\u1ed9t n\u01a1i &#8211; <strong>thay v\u00ec \u201cl\u00e0m l\u1ee3i t\u1eeb kh\u00e1ch h\u00e0ng\u201d, ch\u00fang t\u00f4i \u201cl\u00e0m l\u1ee3i cho kh\u00e1ch h\u00e0ng\u201d.<\/strong><\/p>\n<p><strong><em>V\u00e0 t\u1eeb \u0111\u00f3, V\u1ea1n H\u1ea3i ra \u0111\u1eddi.<\/em><\/strong>[\/vc_column_text][gem_divider][\/vc_column_inner][\/vc_row_inner][vc_column_text]<\/p>\n<p style=\"text-align: center;\">H\u00e3y \u0111\u1ec3 ch\u00fang t\u00f4i tr\u1edf th\u00e0nh ng\u01b0\u1eddi \u0111\u1ed3ng h\u00e0nh c\u00f9ng b\u1ea1n, c\u00f9ng trao nhau ni\u1ec1m tin \u0111\u1ec3 ch\u00fang t\u00f4i \u201cchung tay\u201d cho th\u00e0nh c\u00f4ng c\u1ee7a b\u1ea1n, v\u00e0 ch\u00ednh th\u00e0nh t\u1ef1u \u1ea5y s\u1ebd l\u1ea1i l\u00e0 nh\u1eefng \u0111i\u1ec3m nh\u1ea5n tuy\u1ec7t v\u1eddi cho c\u00e2u chuy\u1ec7n c\u1ee7a ch\u00fang t\u00f4i.<\/p>\n<p style=\"text-align: center;\"><em><strong>B\u1edfi V\u1ea1n H\u1ea3i, sinh ra l\u00e0 v\u00ec b\u1ea1n.<\/strong><\/em><\/p>\n<p>[\/vc_column_text][\/gem_fullwidth][\/vc_column][\/vc_row][vc_row][vc_column][gem_divider margin_top=&#8221;90&#8243;][vc_column_text]<\/p>\n<div class=\"title-h2\" style=\"text-align: center;\">K\u1ebft n\u1ed1i v\u1edbi ch\u00fang t\u00f4i<\/div>\n<p>[\/vc_column_text][gem_divider margin_top=&#8221;10&#8243;][vc_column_text]<\/p>\n<div class=\"small-body\" style=\"text-align: center;\">\u201cMu\u1ed1n \u0111i nhanh h\u00e3y \u0111i m\u1ed9t m\u00ecnh, mu\u1ed1n \u0111i xa h\u00e3y \u0111i c\u00f9ng nhau\u201d. H\u00e3y \u0111\u1ec3 ch\u00fang t\u00f4i tr\u1edf th\u00e0nh ng\u01b0\u1eddi \u0111\u1ed3ng h\u00e0nh c\u00f9ng b\u1ea1n, c\u00f9ng trao nhau ni\u1ec1m tin \u0111\u1ec3 ch\u00fang t\u00f4i \u201cchung tay\u201d cho th\u00e0nh c\u00f4ng c\u1ee7a b\u1ea1n, v\u00e0 ch\u00ednh th\u00e0nh t\u1ef1u \u1ea5y s\u1ebd l\u1ea1i l\u00e0 nh\u1eefng \u0111i\u1ec3m nh\u1ea5n tuy\u1ec7t v\u1eddi cho c\u00e2u chuy\u1ec7n c\u1ee7a ch\u00fang t\u00f4i. B\u1edfi V\u1ea1n H\u1ea3i, sinh ra l\u00e0 v\u00ec b\u1ea1n.<\/div>\n<p>[\/vc_column_text][gem_divider margin_top=&#8221;90&#8243;][\/vc_column][\/vc_row][vc_row][vc_column width=&#8221;1\/6&#8243;][\/vc_column][vc_column width=&#8221;2\/3&#8243;]\n<div class=\"wpcf7 no-js\" id=\"wpcf7-f19858-o1\" lang=\"en-US\" dir=\"ltr\">\n<div class=\"screen-reader-response\"><p role=\"status\" aria-live=\"polite\" aria-atomic=\"true\"><\/p> <ul><\/ul><\/div>\n<form action=\"\/zh-hans\/wp-json\/wp\/v2\/pages\/32520#wpcf7-f19858-o1\" method=\"post\" class=\"wpcf7-form init\" aria-label=\"Contact form\" novalidate=\"novalidate\" data-status=\"init\">\n<div style=\"display: none;\">\n<input type=\"hidden\" name=\"_wpcf7\" value=\"19858\" \/>\n<input type=\"hidden\" name=\"_wpcf7_version\" value=\"5.7.7\" \/>\n<input type=\"hidden\" name=\"_wpcf7_locale\" value=\"en_US\" \/>\n<input type=\"hidden\" name=\"_wpcf7_unit_tag\" value=\"wpcf7-f19858-o1\" \/>\n<input type=\"hidden\" name=\"_wpcf7_container_post\" value=\"0\" \/>\n<input type=\"hidden\" name=\"_wpcf7_posted_data_hash\" value=\"\" \/>\n<\/div>\n<div class='contact-form-style-5'>\n\t<p><span class=\"wpcf7-form-control-wrap\" data-name=\"name\"><input size=\"40\" class=\"wpcf7-form-control wpcf7-text wpcf7-validates-as-required\" aria-required=\"true\" aria-invalid=\"false\" placeholder=\"Name*\" value=\"\" type=\"text\" name=\"name\" \/><\/span>\n\t<\/p>\n\t<p><span class=\"wpcf7-form-control-wrap\" data-name=\"name\"><input size=\"40\" class=\"wpcf7-form-control wpcf7-text\" aria-invalid=\"false\" placeholder=\"Website\" value=\"\" type=\"text\" name=\"name\" \/><\/span>\n\t<\/p>\n\t<p><span class=\"wpcf7-form-control-wrap\" data-name=\"email\"><input size=\"40\" class=\"wpcf7-form-control wpcf7-text wpcf7-email wpcf7-validates-as-email\" aria-invalid=\"false\" placeholder=\"Email\" value=\"\" type=\"email\" name=\"email\" \/><\/span>\n\t<\/p>\n\t<p><span class=\"wpcf7-form-control-wrap\" data-name=\"your-message\"><textarea cols=\"40\" rows=\"6\" class=\"wpcf7-form-control wpcf7-textarea wpcf7-validates-as-required\" aria-required=\"true\" aria-invalid=\"false\" placeholder=\"Message*\" name=\"your-message\"><\/textarea><\/span>\n\t<\/p>\n\t<p><input class=\"wpcf7-form-control has-spinner wpcf7-submit\" type=\"submit\" value=\"submit message\" \/>\n\t<\/p>\n<\/div><div class=\"wpcf7-response-output\" aria-hidden=\"true\"><\/div>\n<\/form>\n<\/div>\n[\/vc_column][vc_column width=&#8221;1\/6&#8243;][\/vc_column][\/vc_row]<\/p>\n","protected":false},"excerpt":{"rendered":"<p>[vc_row full_width=&#8221;stretch_row_content_no_spaces [&hellip;]<\/p>\n","protected":false},"author":2,"featured_media":32507,"parent":0,"menu_order":0,"comment_status":"closed","ping_status":"closed","template":"templates\/story.php","meta":[],"acf":[],"yoast_head":"<!-- This site is optimized with the Yoast SEO plugin v20.6 - https:\/\/yoast.com\/wordpress\/plugins\/seo\/ -->\n<title>\u5275\u59cb\u4eba\u6545\u4e8b - V\u1ea1n H\u1ea3i Group<\/title>\n<meta name=\"robots\" content=\"index, follow, max-snippet:-1, max-image-preview:large, max-video-preview:-1\" \/>\n<link rel=\"canonical\" href=\"https:\/\/vanhaigroup.com\/zh-hans\/\u5275\u59cb\u4eba\u6545\u4e8b\/\" \/>\n<meta property=\"og:locale\" content=\"zh_CN\" \/>\n<meta property=\"og:type\" content=\"article\" \/>\n<meta property=\"og:title\" content=\"\u5275\u59cb\u4eba\u6545\u4e8b - V\u1ea1n H\u1ea3i Group\" \/>\n<meta property=\"og:description\" content=\"[vc_row full_width=&#8221;stretch_row_content_no_spaces [&hellip;]\" \/>\n<meta property=\"og:url\" content=\"https:\/\/vanhaigroup.com\/zh-hans\/\u5275\u59cb\u4eba\u6545\u4e8b\/\" \/>\n<meta property=\"og:site_name\" content=\"V\u1ea1n H\u1ea3i Group\" \/>\n<meta property=\"article:modified_time\" content=\"2022-09-23T04:57:07+00:00\" \/>\n<meta property=\"og:image\" content=\"https:\/\/vanhaigroup.com\/wp-content\/uploads\/2022\/08\/cargo-ship-1.jpg\" \/>\n\t<meta property=\"og:image:width\" content=\"1366\" \/>\n\t<meta property=\"og:image:height\" content=\"576\" \/>\n\t<meta property=\"og:image:type\" content=\"image\/jpeg\" \/>\n<meta name=\"twitter:card\" content=\"summary_large_image\" \/>\n<meta name=\"twitter:label1\" content=\"Est. reading time\" \/>\n\t<meta name=\"twitter:data1\" content=\"4\u5206\" \/>\n<script type=\"application\/ld+json\" class=\"yoast-schema-graph\">{\"@context\":\"https:\/\/schema.org\",\"@graph\":[{\"@type\":\"WebPage\",\"@id\":\"https:\/\/vanhaigroup.com\/zh-hans\/%e5%89%b5%e5%a7%8b%e4%ba%ba%e6%95%85%e4%ba%8b\/\",\"url\":\"https:\/\/vanhaigroup.com\/zh-hans\/%e5%89%b5%e5%a7%8b%e4%ba%ba%e6%95%85%e4%ba%8b\/\",\"name\":\"\u5275\u59cb\u4eba\u6545\u4e8b - V\u1ea1n H\u1ea3i Group\",\"isPartOf\":{\"@id\":\"https:\/\/vanhaigroup.com\/#website\"},\"datePublished\":\"2022-08-19T08:02:07+00:00\",\"dateModified\":\"2022-09-23T04:57:07+00:00\",\"breadcrumb\":{\"@id\":\"https:\/\/vanhaigroup.com\/zh-hans\/%e5%89%b5%e5%a7%8b%e4%ba%ba%e6%95%85%e4%ba%8b\/#breadcrumb\"},\"inLanguage\":\"zh-CN\",\"potentialAction\":[{\"@type\":\"ReadAction\",\"target\":[\"https:\/\/vanhaigroup.com\/zh-hans\/%e5%89%b5%e5%a7%8b%e4%ba%ba%e6%95%85%e4%ba%8b\/\"]}]},{\"@type\":\"BreadcrumbList\",\"@id\":\"https:\/\/vanhaigroup.com\/zh-hans\/%e5%89%b5%e5%a7%8b%e4%ba%ba%e6%95%85%e4%ba%8b\/#breadcrumb\",\"itemListElement\":[{\"@type\":\"ListItem\",\"position\":1,\"name\":\"Trang ch\u1ee7\",\"item\":\"https:\/\/vanhaigroup.com\/zh-hans\/\"},{\"@type\":\"ListItem\",\"position\":2,\"name\":\"\u5275\u59cb\u4eba\u6545\u4e8b\"}]},{\"@type\":\"WebSite\",\"@id\":\"https:\/\/vanhaigroup.com\/#website\",\"url\":\"https:\/\/vanhaigroup.com\/\",\"name\":\"V\u1ea1n H\u1ea3i Group\",\"description\":\"Blue sea never sleeps\",\"potentialAction\":[{\"@type\":\"SearchAction\",\"target\":{\"@type\":\"EntryPoint\",\"urlTemplate\":\"https:\/\/vanhaigroup.com\/?s={search_term_string}\"},\"query-input\":\"required name=search_term_string\"}],\"inLanguage\":\"zh-CN\"}]}<\/script>\n<!-- \/ Yoast SEO plugin. -->","yoast_head_json":{"title":"\u5275\u59cb\u4eba\u6545\u4e8b - V\u1ea1n H\u1ea3i Group","robots":{"index":"index","follow":"follow","max-snippet":"max-snippet:-1","max-image-preview":"max-image-preview:large","max-video-preview":"max-video-preview:-1"},"canonical":"https:\/\/vanhaigroup.com\/zh-hans\/\u5275\u59cb\u4eba\u6545\u4e8b\/","og_locale":"zh_CN","og_type":"article","og_title":"\u5275\u59cb\u4eba\u6545\u4e8b - V\u1ea1n H\u1ea3i Group","og_description":"[vc_row full_width=&#8221;stretch_row_content_no_spaces [&hellip;]","og_url":"https:\/\/vanhaigroup.com\/zh-hans\/\u5275\u59cb\u4eba\u6545\u4e8b\/","og_site_name":"V\u1ea1n H\u1ea3i Group","article_modified_time":"2022-09-23T04:57:07+00:00","og_image":[{"width":1366,"height":576,"url":"https:\/\/vanhaigroup.com\/wp-content\/uploads\/2022\/08\/cargo-ship-1.jpg","type":"image\/jpeg"}],"twitter_card":"summary_large_image","twitter_misc":{"Est. reading time":"4\u5206"},"schema":{"@context":"https:\/\/schema.org","@graph":[{"@type":"WebPage","@id":"https:\/\/vanhaigroup.com\/zh-hans\/%e5%89%b5%e5%a7%8b%e4%ba%ba%e6%95%85%e4%ba%8b\/","url":"https:\/\/vanhaigroup.com\/zh-hans\/%e5%89%b5%e5%a7%8b%e4%ba%ba%e6%95%85%e4%ba%8b\/","name":"\u5275\u59cb\u4eba\u6545\u4e8b - V\u1ea1n H\u1ea3i Group","isPartOf":{"@id":"https:\/\/vanhaigroup.com\/#website"},"datePublished":"2022-08-19T08:02:07+00:00","dateModified":"2022-09-23T04:57:07+00:00","breadcrumb":{"@id":"https:\/\/vanhaigroup.com\/zh-hans\/%e5%89%b5%e5%a7%8b%e4%ba%ba%e6%95%85%e4%ba%8b\/#breadcrumb"},"inLanguage":"zh-CN","potentialAction":[{"@type":"ReadAction","target":["https:\/\/vanhaigroup.com\/zh-hans\/%e5%89%b5%e5%a7%8b%e4%ba%ba%e6%95%85%e4%ba%8b\/"]}]},{"@type":"BreadcrumbList","@id":"https:\/\/vanhaigroup.com\/zh-hans\/%e5%89%b5%e5%a7%8b%e4%ba%ba%e6%95%85%e4%ba%8b\/#breadcrumb","itemListElement":[{"@type":"ListItem","position":1,"name":"Trang ch\u1ee7","item":"https:\/\/vanhaigroup.com\/zh-hans\/"},{"@type":"ListItem","position":2,"name":"\u5275\u59cb\u4eba\u6545\u4e8b"}]},{"@type":"WebSite","@id":"https:\/\/vanhaigroup.com\/#website","url":"https:\/\/vanhaigroup.com\/","name":"V\u1ea1n H\u1ea3i Group","description":"Blue sea never sleeps","potentialAction":[{"@type":"SearchAction","target":{"@type":"EntryPoint","urlTemplate":"https:\/\/vanhaigroup.com\/?s={search_term_string}"},"query-input":"required name=search_term_string"}],"inLanguage":"zh-CN"}]}},"_links":{"self":[{"href":"https:\/\/vanhaigroup.com\/zh-hans\/wp-json\/wp\/v2\/pages\/32520"}],"collection":[{"href":"https:\/\/vanhaigroup.com\/zh-hans\/wp-json\/wp\/v2\/pages"}],"about":[{"href":"https:\/\/vanhaigroup.com\/zh-hans\/wp-json\/wp\/v2\/types\/page"}],"author":[{"embeddable":true,"href":"https:\/\/vanhaigroup.com\/zh-hans\/wp-json\/wp\/v2\/users\/2"}],"replies":[{"embeddable":true,"href":"https:\/\/vanhaigroup.com\/zh-hans\/wp-json\/wp\/v2\/comments?post=32520"}],"version-history":[{"count":0,"href":"https:\/\/vanhaigroup.com\/zh-hans\/wp-json\/wp\/v2\/pages\/32520\/revisions"}],"wp:featuredmedia":[{"embeddable":true,"href":"https:\/\/vanhaigroup.com\/zh-hans\/wp-json\/wp\/v2\/media\/32507"}],"wp:attachment":[{"href":"https:\/\/vanhaigroup.com\/zh-hans\/wp-json\/wp\/v2\/media?parent=32520"}],"curies":[{"name":"wp","href":"https:\/\/api.w.org\/{rel}","templated":true}]}}