{"id":32489,"date":"2022-08-19T14:46:44","date_gmt":"2022-08-19T07:46:44","guid":{"rendered":"https:\/\/vanhaigroup.com\/?page_id=32489"},"modified":"2022-08-19T14:50:14","modified_gmt":"2022-08-19T07:50:14","slug":"%e9%97%9c%e6%96%bc%e6%88%91%e5%80%91","status":"publish","type":"page","link":"https:\/\/vanhaigroup.com\/zh-hans\/%e9%97%9c%e6%96%bc%e6%88%91%e5%80%91\/","title":{"rendered":"\u95dc\u65bc\u6211\u5011"},"content":{"rendered":"<p>[vc_row][vc_column][vc_empty_space][\/vc_column][\/vc_row][vc_row][vc_column][vc_row_inner el_class=&#8221;custom-textbox-padding&#8221;][vc_column_inner offset=&#8221;vc_col-lg-6&#8243;][vc_column_text css_animation=&#8221;fadeIn&#8221;]<\/p>\n<h2 style=\"text-align: center;\"><span style=\"color: #1142bc;\">T\u1ea6M NH\u00ccN<\/span><\/h2>\n<p>[\/vc_column_text][vc_single_image image=&#8221;31208&#8243; img_size=&#8221;full&#8221; alignment=&#8221;center&#8221;][\/vc_column_inner][vc_column_inner offset=&#8221;vc_col-lg-6&#8243;][vc_column_text css_animation=&#8221;fadeIn&#8221;]<\/p>\n<h2 style=\"text-align: center;\"><span style=\"color: #1142bc;\">s\u1ee9 m\u1ec7nh<\/span><\/h2>\n<p>[\/vc_column_text][gem_textbox content_background_color=&#8221;rgba(244,246,247,0.01)&#8221; border_color=&#8221;#ffffff&#8221; border_width=&#8221;1&#8243; padding_top=&#8221;7&#8243; padding_bottom=&#8221;2&#8243; padding_left=&#8221;26&#8243; padding_right=&#8221;26&#8243;][gem_dropcap shape=&#8221;circle&#8221; letter=&#8221;1&#8243; color=&#8221;#ffffff&#8221; background_color=&#8221;#f69e2b&#8221;][vc_column_text css=&#8221;.vc_custom_1564575380015{padding-top: 14px !important;}&#8221;]Cung c\u1ea5p d\u1ecbch v\u1ee5 Logistic t\u1ed1i \u01b0u v\u00e0 gi\u1ea3i ph\u00e1p c\u00f3 l\u1ee3i cho kh\u00e1ch h\u00e0ng.[\/vc_column_text][\/gem_textbox][gem_textbox content_background_color=&#8221;rgba(244,246,247,0.01)&#8221; border_color=&#8221;#ffffff&#8221; border_width=&#8221;1&#8243; padding_top=&#8221;7&#8243; padding_bottom=&#8221;2&#8243; padding_left=&#8221;26&#8243; padding_right=&#8221;26&#8243;][gem_dropcap shape=&#8221;circle&#8221; letter=&#8221;2&#8243; color=&#8221;#ffffff&#8221; background_color=&#8221;#f69e2b&#8221;][vc_column_text css=&#8221;.vc_custom_1564575369489{padding-top: 14px !important;}&#8221;]C\u1ea7u n\u1ed1i giao th\u01b0\u01a1ng cho c\u00e1c s\u1ea3n ph\u1ea9m Vi\u1ec7t Nam ra to\u00e0n th\u1ebf gi\u1edbi.[\/vc_column_text][\/gem_textbox][gem_textbox content_background_color=&#8221;rgba(244,246,247,0.01)&#8221; border_color=&#8221;#ffffff&#8221; border_width=&#8221;1&#8243; padding_top=&#8221;7&#8243; padding_bottom=&#8221;2&#8243; padding_left=&#8221;26&#8243; padding_right=&#8221;26&#8243;][gem_dropcap shape=&#8221;circle&#8221; letter=&#8221;3&#8243; color=&#8221;#ffffff&#8221; background_color=&#8221;#f69e2b&#8221;][vc_column_text css=&#8221;.vc_custom_1564575357049{padding-top: 14px !important;}&#8221;]X\u00e2y d\u1ef1ng m\u00f4i tr\u01b0\u1eddng l\u00e0m vi\u1ec7c chuy\u00ean nghi\u1ec7p, t\u00edch c\u1ef1c cho c\u00e1c th\u00e0nh vi\u00ean c\u00f3 chung m\u1ee5c ti\u00eau.[\/vc_column_text][\/gem_textbox][\/vc_column_inner][\/vc_row_inner][\/vc_column][\/vc_row][vc_row css=&#8221;.vc_custom_1564561407170{margin-bottom: 0px !important;}&#8221; el_class=&#8221;quickfinder-items-paddings&#8221;][vc_column][gem_fullwidth background_style=&#8221;cover&#8221; container=&#8221;1&#8243; background_image=&#8221;27296&#8243;][gem_divider margin_top=&#8221;10&#8243;][gem_divider margin_top=&#8221;10&#8243;][gem_divider margin_top=&#8221;10&#8243;][vc_column_text]<\/p>\n<h2 style=\"text-align: center;\"><span style=\"color: #1142bc;\">GI\u00c1 TR\u1eca C\u1ed0T L\u00d5I<\/span><\/h2>\n<p>[\/vc_column_text][gem_quickfinder style=&#8221;classic&#8221; columns=&#8221;2&#8243; alignment=&#8221;left&#8221; icon_position=&#8221;top-float&#8221; effects_enabled=&#8221;1&#8243; quickfinders=&#8221;gia-tri-cot-loi&#8221; hover_title_color=&#8221;#f69e2b&#8221;][vc_row_inner][vc_column_inner width=&#8221;1\/2&#8243;][vc_empty_space][vc_empty_space][vc_empty_space][\/vc_column_inner][vc_column_inner width=&#8221;1\/2&#8243;][\/vc_column_inner][\/vc_row_inner][\/gem_fullwidth][\/vc_column][\/vc_row][vc_row][vc_column][gem_divider margin_top=&#8221;90&#8243;][vc_column_text]<\/p>\n<div class=\"title-h2\" style=\"text-align: center;\">K\u1ebft n\u1ed1i v\u1edbi ch\u00fang t\u00f4i<\/div>\n<p>[\/vc_column_text][gem_divider margin_top=&#8221;10&#8243;][vc_column_text]<\/p>\n<div class=\"small-body\" style=\"text-align: center;\">\u201cMu\u1ed1n \u0111i nhanh h\u00e3y \u0111i m\u1ed9t m\u00ecnh, mu\u1ed1n \u0111i xa h\u00e3y \u0111i c\u00f9ng nhau\u201d. H\u00e3y \u0111\u1ec3 ch\u00fang t\u00f4i tr\u1edf th\u00e0nh ng\u01b0\u1eddi \u0111\u1ed3ng h\u00e0nh c\u00f9ng b\u1ea1n, c\u00f9ng trao nhau ni\u1ec1m tin \u0111\u1ec3 ch\u00fang t\u00f4i \u201cchung tay\u201d cho th\u00e0nh c\u00f4ng c\u1ee7a b\u1ea1n, v\u00e0 ch\u00ednh th\u00e0nh t\u1ef1u \u1ea5y s\u1ebd l\u1ea1i l\u00e0 nh\u1eefng \u0111i\u1ec3m nh\u1ea5n tuy\u1ec7t v\u1eddi cho c\u00e2u chuy\u1ec7n c\u1ee7a ch\u00fang t\u00f4i. B\u1edfi V\u1ea1n H\u1ea3i, sinh ra l\u00e0 v\u00ec b\u1ea1n.<\/div>\n<p>[\/vc_column_text][vc_row_inner css=&#8221;.vc_custom_1599210797719{background-image: url(https:\/\/vanhaigroup.com\/wp-content\/uploads\/2019\/07\/Cargoship-Science-886357052-3.jpg?id=30821) !important;}&#8221;][vc_column_inner width=&#8221;1\/6&#8243;][gem_divider margin_top=&#8221;10&#8243;][\/vc_column_inner][vc_column_inner width=&#8221;2\/3&#8243;]\n<div class=\"wpcf7 no-js\" id=\"wpcf7-f6-o1\" lang=\"vi\" dir=\"ltr\">\n<div class=\"screen-reader-response\"><p role=\"status\" aria-live=\"polite\" aria-atomic=\"true\"><\/p> <ul><\/ul><\/div>\n<form action=\"\/zh-hans\/wp-json\/wp\/v2\/pages\/32489#wpcf7-f6-o1\" method=\"post\" class=\"wpcf7-form init\" aria-label=\"Form li\u00ean h\u1ec7\" novalidate=\"novalidate\" data-status=\"init\">\n<div style=\"display: none;\">\n<input type=\"hidden\" name=\"_wpcf7\" value=\"6\" \/>\n<input type=\"hidden\" name=\"_wpcf7_version\" value=\"5.7.7\" \/>\n<input type=\"hidden\" name=\"_wpcf7_locale\" value=\"vi\" \/>\n<input type=\"hidden\" name=\"_wpcf7_unit_tag\" value=\"wpcf7-f6-o1\" \/>\n<input type=\"hidden\" name=\"_wpcf7_container_post\" value=\"0\" \/>\n<input type=\"hidden\" name=\"_wpcf7_posted_data_hash\" value=\"\" \/>\n<\/div>\n<div class=\"form-group\">\n\t<p><span class=\"wpcf7-form-control-wrap\" data-name=\"your-name\"><input size=\"40\" class=\"wpcf7-form-control wpcf7-text wpcf7-validates-as-required form-control\" id=\"inputName4\" aria-required=\"true\" aria-invalid=\"false\" placeholder=\"H\u1ecd v\u00e0 T\u00ean *\" value=\"\" type=\"text\" name=\"your-name\" \/><\/span>\n\t<\/p>\n<\/div>\n<div class=\"form-group\">\n\t<p><span class=\"wpcf7-form-control-wrap\" data-name=\"your-email\"><input size=\"40\" class=\"wpcf7-form-control wpcf7-text wpcf7-email wpcf7-validates-as-required wpcf7-validates-as-email form-control\" id=\"inputEmail4\" aria-required=\"true\" aria-invalid=\"false\" placeholder=\"\u0110\u1ecba ch\u1ec9 Email *\" value=\"\" type=\"email\" name=\"your-email\" \/><\/span>\n\t<\/p>\n<\/div>\n<div class=\"form-group\">\n\t<p><span class=\"wpcf7-form-control-wrap\" data-name=\"your-telephone\"><input size=\"40\" class=\"wpcf7-form-control wpcf7-text wpcf7-tel wpcf7-validates-as-required wpcf7-validates-as-tel form-control\" id=\"inputTelephone4\" aria-required=\"true\" aria-invalid=\"false\" placeholder=\"S\u1ed1 \u0111i\u1ec7n tho\u1ea1i *\" value=\"\" type=\"tel\" name=\"your-telephone\" \/><\/span>\n\t<\/p>\n<\/div>\n<div class=\"form-group\">\n\t<p><span class=\"wpcf7-form-control-wrap\" data-name=\"item-name\"><input size=\"40\" class=\"wpcf7-form-control wpcf7-text wpcf7-validates-as-required form-control\" id=\"inputItemName\" aria-required=\"true\" aria-invalid=\"false\" placeholder=\"T\u00ean m\u1eb7t h\u00e0ng *\" value=\"\" type=\"text\" name=\"item-name\" \/><\/span>\n\t<\/p>\n<\/div>\n<div class=\"form-group\">\n\t<p><span class=\"wpcf7-form-control-wrap\" data-name=\"item-volume\"><input size=\"40\" class=\"wpcf7-form-control wpcf7-text wpcf7-validates-as-required form-control\" id=\"inputVolume\" aria-required=\"true\" aria-invalid=\"false\" placeholder=\"Kh\u1ed1i l\u01b0\u1ee3ng (Volume) *\" value=\"\" type=\"text\" name=\"item-volume\" \/><\/span>\n\t<\/p>\n<\/div>\n<div class=\"form-group\">\n\t<p><span class=\"wpcf7-form-control-wrap\" data-name=\"port-departure\"><input size=\"40\" class=\"wpcf7-form-control wpcf7-text form-control\" id=\"inputPortDeparture\" aria-invalid=\"false\" placeholder=\"C\u1ea3ng \u0111i\" value=\"\" type=\"text\" name=\"port-departure\" \/><\/span>\n\t<\/p>\n<\/div>\n<div class=\"form-group\">\n\t<p><span class=\"wpcf7-form-control-wrap\" data-name=\"port-destination\"><input size=\"40\" class=\"wpcf7-form-control wpcf7-text form-control\" id=\"inputPortDestination\" aria-invalid=\"false\" placeholder=\"C\u1ea3ng \u0111\u1ebfn\" value=\"\" type=\"text\" name=\"port-destination\" \/><\/span>\n\t<\/p>\n<\/div>\n<div class=\"form-group\">\n\t<p><span class=\"wpcf7-form-control-wrap\" data-name=\"service-content\"><textarea cols=\"40\" rows=\"6\" class=\"wpcf7-form-control wpcf7-textarea wpcf7-validates-as-required form-control\" id=\"serviceContent\" aria-required=\"true\" aria-invalid=\"false\" placeholder=\"D\u1ecbch v\u1ee5 c\u1ea7n t\u01b0 v\u1ea5n\/b\u00e1o gi\u00e1 *\" name=\"service-content\"><\/textarea><\/span>\n\t<\/p>\n<\/div>\n<div class=\"text-center\">\n\t<p><div id=\"cf7sr-69eb8837b939c\" class=\"cf7sr-g-recaptcha\" data-theme=\"light\" data-type=\"image\" data-size=\"normal\" data-sitekey=\"6LfFjHspAAAAANINsUHTnD-BJFIjb0E53y4ODulU\"><\/div><span class=\"wpcf7-form-control-wrap cf7sr-recaptcha\" data-name=\"cf7sr-recaptcha\"><input type=\"hidden\" name=\"cf7sr-recaptcha\" value=\"\" class=\"wpcf7-form-control\"><\/span><br \/>\n<input class=\"wpcf7-form-control has-spinner wpcf7-submit btn-submit\" type=\"submit\" value=\"G\u1eedi \u0111i\" \/>\n\t<\/p>\n<\/div><div class=\"wpcf7-response-output\" aria-hidden=\"true\"><\/div>\n<\/form>\n<\/div>\n[\/vc_column_inner][vc_column_inner width=&#8221;1\/6&#8243;][\/vc_column_inner][\/vc_row_inner][\/vc_column][\/vc_row]<\/p>\n","protected":false},"excerpt":{"rendered":"<p>[vc_row][vc_column][vc_empty_space][\/vc_column][\/vc_row [&hellip;]<\/p>\n","protected":false},"author":2,"featured_media":32507,"parent":0,"menu_order":0,"comment_status":"closed","ping_status":"closed","template":"templates\/introduct.php","meta":[],"acf":[],"yoast_head":"<!-- This site is optimized with the Yoast SEO plugin v20.6 - https:\/\/yoast.com\/wordpress\/plugins\/seo\/ -->\n<title>\u95dc\u65bc\u6211\u5011 - V\u1ea1n H\u1ea3i Group<\/title>\n<meta name=\"robots\" content=\"index, follow, max-snippet:-1, max-image-preview:large, max-video-preview:-1\" \/>\n<link rel=\"canonical\" href=\"https:\/\/vanhaigroup.com\/zh-hans\/\u95dc\u65bc\u6211\u5011\/?lang=zh-hans\" \/>\n<meta property=\"og:locale\" content=\"zh_CN\" \/>\n<meta property=\"og:type\" content=\"article\" \/>\n<meta property=\"og:title\" content=\"\u95dc\u65bc\u6211\u5011 - V\u1ea1n H\u1ea3i Group\" \/>\n<meta property=\"og:description\" content=\"[vc_row][vc_column][vc_empty_space][\/vc_column][\/vc_row [&hellip;]\" \/>\n<meta property=\"og:url\" content=\"https:\/\/vanhaigroup.com\/\u95dc\u65bc\u6211\u5011\/?lang=zh-hans\" \/>\n<meta property=\"og:site_name\" content=\"V\u1ea1n H\u1ea3i Group\" \/>\n<meta property=\"article:modified_time\" content=\"2022-08-19T07:50:14+00:00\" \/>\n<meta property=\"og:image\" content=\"https:\/\/vanhaigroup.com\/wp-content\/uploads\/2022\/08\/cargo-ship-1.jpg\" \/>\n\t<meta property=\"og:image:width\" content=\"1366\" \/>\n\t<meta property=\"og:image:height\" content=\"576\" \/>\n\t<meta property=\"og:image:type\" content=\"image\/jpeg\" \/>\n<meta name=\"twitter:card\" content=\"summary_large_image\" \/>\n<meta name=\"twitter:label1\" content=\"Est. reading time\" \/>\n\t<meta name=\"twitter:data1\" content=\"2\u5206\" \/>\n<script type=\"application\/ld+json\" class=\"yoast-schema-graph\">{\"@context\":\"https:\/\/schema.org\",\"@graph\":[{\"@type\":\"WebPage\",\"@id\":\"https:\/\/vanhaigroup.com\/%e9%97%9c%e6%96%bc%e6%88%91%e5%80%91\/?lang=zh-hans\",\"url\":\"https:\/\/vanhaigroup.com\/%e9%97%9c%e6%96%bc%e6%88%91%e5%80%91\/?lang=zh-hans\",\"name\":\"\u95dc\u65bc\u6211\u5011 - V\u1ea1n H\u1ea3i Group\",\"isPartOf\":{\"@id\":\"https:\/\/vanhaigroup.com\/#website\"},\"datePublished\":\"2022-08-19T07:46:44+00:00\",\"dateModified\":\"2022-08-19T07:50:14+00:00\",\"breadcrumb\":{\"@id\":\"https:\/\/vanhaigroup.com\/%e9%97%9c%e6%96%bc%e6%88%91%e5%80%91\/?lang=zh-hans#breadcrumb\"},\"inLanguage\":\"zh-CN\",\"potentialAction\":[{\"@type\":\"ReadAction\",\"target\":[\"https:\/\/vanhaigroup.com\/%e9%97%9c%e6%96%bc%e6%88%91%e5%80%91\/?lang=zh-hans\"]}]},{\"@type\":\"BreadcrumbList\",\"@id\":\"https:\/\/vanhaigroup.com\/%e9%97%9c%e6%96%bc%e6%88%91%e5%80%91\/?lang=zh-hans#breadcrumb\",\"itemListElement\":[{\"@type\":\"ListItem\",\"position\":1,\"name\":\"Trang ch\u1ee7\",\"item\":\"https:\/\/vanhaigroup.com\/zh-hans\/\"},{\"@type\":\"ListItem\",\"position\":2,\"name\":\"\u95dc\u65bc\u6211\u5011\"}]},{\"@type\":\"WebSite\",\"@id\":\"https:\/\/vanhaigroup.com\/#website\",\"url\":\"https:\/\/vanhaigroup.com\/\",\"name\":\"V\u1ea1n H\u1ea3i Group\",\"description\":\"Blue sea never sleeps\",\"potentialAction\":[{\"@type\":\"SearchAction\",\"target\":{\"@type\":\"EntryPoint\",\"urlTemplate\":\"https:\/\/vanhaigroup.com\/?s={search_term_string}\"},\"query-input\":\"required name=search_term_string\"}],\"inLanguage\":\"zh-CN\"}]}<\/script>\n<!-- \/ Yoast SEO plugin. -->","yoast_head_json":{"title":"\u95dc\u65bc\u6211\u5011 - V\u1ea1n H\u1ea3i Group","robots":{"index":"index","follow":"follow","max-snippet":"max-snippet:-1","max-image-preview":"max-image-preview:large","max-video-preview":"max-video-preview:-1"},"canonical":"https:\/\/vanhaigroup.com\/zh-hans\/\u95dc\u65bc\u6211\u5011\/?lang=zh-hans","og_locale":"zh_CN","og_type":"article","og_title":"\u95dc\u65bc\u6211\u5011 - V\u1ea1n H\u1ea3i Group","og_description":"[vc_row][vc_column][vc_empty_space][\/vc_column][\/vc_row [&hellip;]","og_url":"https:\/\/vanhaigroup.com\/\u95dc\u65bc\u6211\u5011\/?lang=zh-hans","og_site_name":"V\u1ea1n H\u1ea3i Group","article_modified_time":"2022-08-19T07:50:14+00:00","og_image":[{"width":1366,"height":576,"url":"https:\/\/vanhaigroup.com\/wp-content\/uploads\/2022\/08\/cargo-ship-1.jpg","type":"image\/jpeg"}],"twitter_card":"summary_large_image","twitter_misc":{"Est. reading time":"2\u5206"},"schema":{"@context":"https:\/\/schema.org","@graph":[{"@type":"WebPage","@id":"https:\/\/vanhaigroup.com\/%e9%97%9c%e6%96%bc%e6%88%91%e5%80%91\/?lang=zh-hans","url":"https:\/\/vanhaigroup.com\/%e9%97%9c%e6%96%bc%e6%88%91%e5%80%91\/?lang=zh-hans","name":"\u95dc\u65bc\u6211\u5011 - V\u1ea1n H\u1ea3i Group","isPartOf":{"@id":"https:\/\/vanhaigroup.com\/#website"},"datePublished":"2022-08-19T07:46:44+00:00","dateModified":"2022-08-19T07:50:14+00:00","breadcrumb":{"@id":"https:\/\/vanhaigroup.com\/%e9%97%9c%e6%96%bc%e6%88%91%e5%80%91\/?lang=zh-hans#breadcrumb"},"inLanguage":"zh-CN","potentialAction":[{"@type":"ReadAction","target":["https:\/\/vanhaigroup.com\/%e9%97%9c%e6%96%bc%e6%88%91%e5%80%91\/?lang=zh-hans"]}]},{"@type":"BreadcrumbList","@id":"https:\/\/vanhaigroup.com\/%e9%97%9c%e6%96%bc%e6%88%91%e5%80%91\/?lang=zh-hans#breadcrumb","itemListElement":[{"@type":"ListItem","position":1,"name":"Trang ch\u1ee7","item":"https:\/\/vanhaigroup.com\/zh-hans\/"},{"@type":"ListItem","position":2,"name":"\u95dc\u65bc\u6211\u5011"}]},{"@type":"WebSite","@id":"https:\/\/vanhaigroup.com\/#website","url":"https:\/\/vanhaigroup.com\/","name":"V\u1ea1n H\u1ea3i Group","description":"Blue sea never sleeps","potentialAction":[{"@type":"SearchAction","target":{"@type":"EntryPoint","urlTemplate":"https:\/\/vanhaigroup.com\/?s={search_term_string}"},"query-input":"required name=search_term_string"}],"inLanguage":"zh-CN"}]}},"_links":{"self":[{"href":"https:\/\/vanhaigroup.com\/zh-hans\/wp-json\/wp\/v2\/pages\/32489"}],"collection":[{"href":"https:\/\/vanhaigroup.com\/zh-hans\/wp-json\/wp\/v2\/pages"}],"about":[{"href":"https:\/\/vanhaigroup.com\/zh-hans\/wp-json\/wp\/v2\/types\/page"}],"author":[{"embeddable":true,"href":"https:\/\/vanhaigroup.com\/zh-hans\/wp-json\/wp\/v2\/users\/2"}],"replies":[{"embeddable":true,"href":"https:\/\/vanhaigroup.com\/zh-hans\/wp-json\/wp\/v2\/comments?post=32489"}],"version-history":[{"count":0,"href":"https:\/\/vanhaigroup.com\/zh-hans\/wp-json\/wp\/v2\/pages\/32489\/revisions"}],"wp:featuredmedia":[{"embeddable":true,"href":"https:\/\/vanhaigroup.com\/zh-hans\/wp-json\/wp\/v2\/media\/32507"}],"wp:attachment":[{"href":"https:\/\/vanhaigroup.com\/zh-hans\/wp-json\/wp\/v2\/media?parent=32489"}],"curies":[{"name":"wp","href":"https:\/\/api.w.org\/{rel}","templated":true}]}}